{"id":13,"date":"2023-03-06T14:26:40","date_gmt":"2023-03-06T17:26:40","guid":{"rendered":"https:\/\/axis.app.br\/?page_id=13"},"modified":"2023-03-06T14:52:29","modified_gmt":"2023-03-06T17:52:29","slug":"home","status":"publish","type":"page","link":"https:\/\/axis.app.br\/","title":{"rendered":"In\u00edcio"},"content":{"rendered":"\n<div class=\"wp-block-cover alignfull is-light hestia-clear-top-padding\"><span aria-hidden=\"true\" class=\"wp-block-cover__background has-white-background-color has-background-dim-100 has-background-dim\"><\/span><div class=\"wp-block-cover__inner-container\">\n<h2 class=\"has-text-align-center has-text-color wp-block-heading\" style=\"color:#3c4858\">O que defendemos<\/h2>\n\n\n\n<div style=\"height:40px\" aria-hidden=\"true\" class=\"wp-block-spacer\"><\/div>\n\n\n\n<div class=\"wp-block-columns container is-layout-flex wp-container-4\">\n<div class=\"wp-block-column is-layout-flow\"><div class=\"wp-block-image\">\n<figure class=\"aligncenter size-large\"><img decoding=\"async\" src=\"https:\/\/axis.app.br\/wp-content\/themes\/hestia\/assets\/img\/feat1.png\" alt=\"\" class=\"wp-image-70\"\/><\/figure><\/div>\n\n\n<h5 class=\"has-text-align-center has-text-color wp-block-heading\" style=\"color:#3c4858;font-size:18px\">Qualidade<\/h5>\n\n\n\n<p class=\"has-text-align-center has-text-color\" style=\"color:#999999;font-size:14px\">Para n\u00f3s, qualidade \u00e9 primordial em tudo o que fazemos. Buscamos sempre superar as expectativas dos nossos clientes, entregando solu\u00e7\u00f5es de alto desempenho e confiabilidade. Para isso, investimos constantemente em tecnologias de ponta, profissionais altamente qualificados e processos rigorosos de controle de qualidade.<\/p>\n\n\n\n<div style=\"height:25px\" aria-hidden=\"true\" class=\"wp-block-spacer\"><\/div>\n<\/div>\n\n\n\n<div class=\"wp-block-column is-layout-flow\"><div class=\"wp-block-image\">\n<figure class=\"aligncenter size-large\"><img decoding=\"async\" src=\"https:\/\/axis.app.br\/wp-content\/themes\/hestia\/assets\/img\/feat2.png\" alt=\"\" class=\"wp-image-71\"\/><\/figure><\/div>\n\n\n<h5 class=\"has-text-align-center has-text-color wp-block-heading\" style=\"color:#3c4858;font-size:18px\">Inova\u00e7\u00e3o<\/h5>\n\n\n\n<p class=\"has-text-align-center has-text-color\" style=\"color:#999999;font-size:14px\">A inova\u00e7\u00e3o \u00e9 outro pilar essencial para a nossa empresa. Acreditamos que a tecnologia pode transformar a maneira como as empresas fazem neg\u00f3cios e estamos sempre em busca de novas formas de criar solu\u00e7\u00f5es inovadoras e disruptivas para os nossos clientes. Queremos ser uma refer\u00eancia em tecnologia e inova\u00e7\u00e3o no mercado em que atuamos.<\/p>\n\n\n\n<div style=\"height:25px\" aria-hidden=\"true\" class=\"wp-block-spacer\"><\/div>\n<\/div>\n\n\n\n<div class=\"wp-block-column is-layout-flow\"><div class=\"wp-block-image\">\n<figure class=\"aligncenter size-large\"><img decoding=\"async\" src=\"https:\/\/axis.app.br\/wp-content\/themes\/hestia\/assets\/img\/feat3.png\" alt=\"\" class=\"wp-image-72\"\/><\/figure><\/div>\n\n\n<h5 class=\"has-text-align-center has-text-color wp-block-heading\" style=\"color:#3c4858;font-size:18px\">Comprometimento<\/h5>\n\n\n\n<p class=\"has-text-align-center has-text-color\" style=\"color:#999999;font-size:14px\">O comprometimento \u00e9 um valor fundamental para n\u00f3s. N\u00f3s nos comprometemos a entender as necessidades dos nossos clientes e trabalhar em conjunto para encontrar as melhores solu\u00e7\u00f5es para seus neg\u00f3cios. Al\u00e9m disso, mantemos uma postura \u00e9tica e transparente em todas as nossas rela\u00e7\u00f5es, com nossos clientes, parceiros e colaboradores.<\/p>\n\n\n\n<div style=\"height:25px\" aria-hidden=\"true\" class=\"wp-block-spacer\"><\/div>\n<\/div>\n<\/div>\n\n\n\n<div style=\"height:40px\" aria-hidden=\"true\" class=\"wp-block-spacer\"><\/div>\n<\/div><\/div>\n\n\n\n<div class=\"wp-block-columns container is-layout-flex wp-container-7\">\n<div class=\"wp-block-column col-md-5 is-layout-flow\">\n<div style=\"height:55px\" aria-hidden=\"true\" class=\"wp-block-spacer\"><\/div>\n\n\n\n<h2 class=\"wp-block-heading\">Sobre<\/h2>\n\n\n\n<p>A Axis \u00e9 uma empresa de desenvolvimento de sistemas que busca oferecer solu\u00e7\u00f5es inovadoras e modernas para empresas que buscam um site ou aplicativo diferenciado, com design elegante e funcional. Com foco no p\u00fablico-alvo de pequenas e m\u00e9dias empresas, a Axis acredita nos tr\u00eas pilares fundamentais de qualidade, comprometimento e excel\u00eancia para alcan\u00e7ar o sucesso. A empresa oferece servi\u00e7os de hospedagem, instala\u00e7\u00e3o e manuten\u00e7\u00e3o de servidores para garantir a efici\u00eancia e seguran\u00e7a dos sistemas desenvolvidos. A marca \u00e9 inspirada na HQ da Marvel &#8220;Axis&#8221; e representa a simetria e equil\u00edbrio que a empresa busca trazer para seus clientes.<\/p>\n<\/div>\n\n\n\n<div class=\"wp-block-column col-md-6 col-md-offset1 is-layout-flow\">\n<div style=\"height:55px\" aria-hidden=\"true\" class=\"wp-block-spacer\"><\/div>\n\n\n\n<figure class=\"wp-block-image size-large\"><img decoding=\"async\" src=\"https:\/\/axis.app.br\/wp-content\/themes\/hestia\/assets\/img\/about-content.png\" alt=\"\" class=\"wp-image-81\"\/><\/figure>\n\n\n\n<p><\/p>\n<\/div>\n<\/div>\n","protected":false},"excerpt":{"rendered":"<p>Sobre A Axis \u00e9 uma empresa de desenvolvimento de sistemas que busca oferecer solu\u00e7\u00f5es inovadoras e modernas para empresas que buscam um site ou aplicativo diferenciado, com design elegante e funcional. Com foco no p\u00fablico-alvo de pequenas e m\u00e9dias empresas, a Axis acredita nos tr\u00eas pilares fundamentais de qualidade, comprometimento [&hellip;]<\/p>\n","protected":false},"author":1,"featured_media":58,"parent":0,"menu_order":0,"comment_status":"closed","ping_status":"closed","template":"","meta":{"om_disable_all_campaigns":false,"_monsterinsights_skip_tracking":false,"_monsterinsights_sitenote_active":false,"_monsterinsights_sitenote_note":"","_monsterinsights_sitenote_category":0},"aioseo_notices":[],"_links":{"self":[{"href":"https:\/\/axis.app.br\/index.php\/wp-json\/wp\/v2\/pages\/13"}],"collection":[{"href":"https:\/\/axis.app.br\/index.php\/wp-json\/wp\/v2\/pages"}],"about":[{"href":"https:\/\/axis.app.br\/index.php\/wp-json\/wp\/v2\/types\/page"}],"author":[{"embeddable":true,"href":"https:\/\/axis.app.br\/index.php\/wp-json\/wp\/v2\/users\/1"}],"replies":[{"embeddable":true,"href":"https:\/\/axis.app.br\/index.php\/wp-json\/wp\/v2\/comments?post=13"}],"version-history":[{"count":2,"href":"https:\/\/axis.app.br\/index.php\/wp-json\/wp\/v2\/pages\/13\/revisions"}],"predecessor-version":[{"id":42,"href":"https:\/\/axis.app.br\/index.php\/wp-json\/wp\/v2\/pages\/13\/revisions\/42"}],"wp:featuredmedia":[{"embeddable":true,"href":"https:\/\/axis.app.br\/index.php\/wp-json\/wp\/v2\/media\/58"}],"wp:attachment":[{"href":"https:\/\/axis.app.br\/index.php\/wp-json\/wp\/v2\/media?parent=13"}],"curies":[{"name":"wp","href":"https:\/\/api.w.org\/{rel}","templated":true}]}}